{"id":3076,"date":"2024-10-29T07:35:16","date_gmt":"2024-10-29T10:35:16","guid":{"rendered":"https:\/\/www.brarbo.com.br\/vcs-sobre-o-projecto\/"},"modified":"2024-11-06T11:35:53","modified_gmt":"2024-11-06T14:35:53","slug":"vcs-about-the-project","status":"publish","type":"page","link":"https:\/\/www.brarbo.com.br\/en\/vcs-about-the-project\/","title":{"rendered":"VCS &#8211; About the Project"},"content":{"rendered":"\t\t<div data-elementor-type=\"wp-page\" data-elementor-id=\"3076\" class=\"elementor elementor-3076 elementor-2702\" data-elementor-post-type=\"page\">\n\t\t\t\t\t\t<section class=\"elementor-section elementor-top-section elementor-element elementor-element-cbec280 elementor-section-height-min-height elementor-section-stretched elementor-section-boxed elementor-section-height-default elementor-section-items-middle\" data-id=\"cbec280\" data-element_type=\"section\" data-e-type=\"section\" data-settings=\"{&quot;stretch_section&quot;:&quot;section-stretched&quot;,&quot;background_background&quot;:&quot;classic&quot;}\">\n\t\t\t\t\t\t<div class=\"elementor-container elementor-column-gap-default\">\n\t\t\t\t\t<div class=\"elementor-column elementor-col-100 elementor-top-column elementor-element elementor-element-dcd2683\" data-id=\"dcd2683\" data-element_type=\"column\" data-e-type=\"column\">\n\t\t\t<div class=\"elementor-widget-wrap elementor-element-populated\">\n\t\t\t\t\t\t<div class=\"elementor-element elementor-element-434df0a elementor-widget elementor-widget-heading\" data-id=\"434df0a\" data-element_type=\"widget\" data-e-type=\"widget\" data-widget_type=\"heading.default\">\n\t\t\t\t<div class=\"elementor-widget-container\">\n\t\t\t\t\t<h2 class=\"elementor-heading-title elementor-size-default\">Page under construction<\/h2>\t\t\t\t<\/div>\n\t\t\t\t<\/div>\n\t\t\t\t\t<\/div>\n\t\t<\/div>\n\t\t\t\t\t<\/div>\n\t\t<\/section>\n\t\t\t\t<\/div>\n\t\t","protected":false},"excerpt":{"rendered":"<p>Page under construction<\/p>\n","protected":false},"author":3,"featured_media":0,"parent":0,"menu_order":0,"comment_status":"closed","ping_status":"closed","template":"","meta":{"footnotes":""},"class_list":["post-3076","page","type-page","status-publish","hentry","entry"],"yoast_head":"<!-- This site is optimized with the Yoast SEO plugin v27.4 - https:\/\/yoast.com\/product\/yoast-seo-wordpress\/ -->\n<title>VCS - About the Project - BR Arbo - Forest Management<\/title>\n<meta name=\"description\" content=\"Page under construction\" \/>\n<meta name=\"robots\" content=\"index, follow, max-snippet:-1, max-image-preview:large, max-video-preview:-1\" \/>\n<link rel=\"canonical\" href=\"https:\/\/www.brarbo.com.br\/en\/vcs-about-the-project\/\" \/>\n<meta property=\"og:locale\" content=\"en_US\" \/>\n<meta property=\"og:type\" content=\"article\" \/>\n<meta property=\"og:title\" content=\"VCS - About the Project - BR Arbo - Forest Management\" \/>\n<meta property=\"og:description\" content=\"Page under construction\" \/>\n<meta property=\"og:url\" content=\"https:\/\/www.brarbo.com.br\/en\/vcs-about-the-project\/\" \/>\n<meta property=\"og:site_name\" content=\"BR Arbo - Forest Management\" \/>\n<meta property=\"article:publisher\" content=\"https:\/\/www.facebook.com\/profile.php?id=61551053906768\" \/>\n<meta property=\"article:modified_time\" content=\"2024-11-06T14:35:53+00:00\" \/>\n<meta property=\"og:image\" content=\"https:\/\/www.brarbo.com.br\/wp-content\/uploads\/2023\/02\/img-01.png\" \/>\n\t<meta property=\"og:image:width\" content=\"1920\" \/>\n\t<meta property=\"og:image:height\" content=\"768\" \/>\n\t<meta property=\"og:image:type\" content=\"image\/png\" \/>\n<meta name=\"twitter:card\" content=\"summary_large_image\" \/>\n<script type=\"application\/ld+json\" class=\"yoast-schema-graph\">{\"@context\":\"https:\\\/\\\/schema.org\",\"@graph\":[{\"@type\":\"NewsArticle\",\"@id\":\"https:\\\/\\\/www.brarbo.com.br\\\/en\\\/vcs-about-the-project\\\/#article\",\"isPartOf\":{\"@id\":\"https:\\\/\\\/www.brarbo.com.br\\\/en\\\/vcs-about-the-project\\\/\"},\"author\":{\"name\":\"BRARBO\",\"@id\":\"https:\\\/\\\/www.brarbo.com.br\\\/en\\\/#\\\/schema\\\/person\\\/c950abd7accfac249fd99abaa8dee072\"},\"headline\":\"VCS &#8211; About the Project\",\"datePublished\":\"2024-10-29T10:35:16+00:00\",\"dateModified\":\"2024-11-06T14:35:53+00:00\",\"mainEntityOfPage\":{\"@id\":\"https:\\\/\\\/www.brarbo.com.br\\\/en\\\/vcs-about-the-project\\\/\"},\"wordCount\":8,\"publisher\":{\"@id\":\"https:\\\/\\\/www.brarbo.com.br\\\/en\\\/#organization\"},\"inLanguage\":\"en-US\"},{\"@type\":\"WebPage\",\"@id\":\"https:\\\/\\\/www.brarbo.com.br\\\/en\\\/vcs-about-the-project\\\/\",\"url\":\"https:\\\/\\\/www.brarbo.com.br\\\/en\\\/vcs-about-the-project\\\/\",\"name\":\"VCS - About the Project - BR Arbo - Forest Management\",\"isPartOf\":{\"@id\":\"https:\\\/\\\/www.brarbo.com.br\\\/en\\\/#website\"},\"datePublished\":\"2024-10-29T10:35:16+00:00\",\"dateModified\":\"2024-11-06T14:35:53+00:00\",\"description\":\"Page under construction\",\"breadcrumb\":{\"@id\":\"https:\\\/\\\/www.brarbo.com.br\\\/en\\\/vcs-about-the-project\\\/#breadcrumb\"},\"inLanguage\":\"en-US\",\"potentialAction\":[{\"@type\":\"ReadAction\",\"target\":[\"https:\\\/\\\/www.brarbo.com.br\\\/en\\\/vcs-about-the-project\\\/\"]}]},{\"@type\":\"BreadcrumbList\",\"@id\":\"https:\\\/\\\/www.brarbo.com.br\\\/en\\\/vcs-about-the-project\\\/#breadcrumb\",\"itemListElement\":[{\"@type\":\"ListItem\",\"position\":1,\"name\":\"Home\",\"item\":\"https:\\\/\\\/www.brarbo.com.br\\\/en\\\/\"},{\"@type\":\"ListItem\",\"position\":2,\"name\":\"VCS &#8211; About the Project\"}]},{\"@type\":\"WebSite\",\"@id\":\"https:\\\/\\\/www.brarbo.com.br\\\/en\\\/#website\",\"url\":\"https:\\\/\\\/www.brarbo.com.br\\\/en\\\/\",\"name\":\"BR Arbo - Forest Management\",\"description\":\"Somos uma organiza\u00e7\u00e3o de gest\u00e3o e fomento a atividades florestais produtivas, rent\u00e1veis e sustent\u00e1veis, voltados ao desenvolvimento econ\u00f4mico de comunidades locais e consolida\u00e7\u00e3o do setor no mercado interno e externo.\",\"publisher\":{\"@id\":\"https:\\\/\\\/www.brarbo.com.br\\\/en\\\/#organization\"},\"potentialAction\":[{\"@type\":\"SearchAction\",\"target\":{\"@type\":\"EntryPoint\",\"urlTemplate\":\"https:\\\/\\\/www.brarbo.com.br\\\/en\\\/?s={search_term_string}\"},\"query-input\":{\"@type\":\"PropertyValueSpecification\",\"valueRequired\":true,\"valueName\":\"search_term_string\"}}],\"inLanguage\":\"en-US\"},{\"@type\":\"Organization\",\"@id\":\"https:\\\/\\\/www.brarbo.com.br\\\/en\\\/#organization\",\"name\":\"Br Arbo\",\"url\":\"https:\\\/\\\/www.brarbo.com.br\\\/en\\\/\",\"logo\":{\"@type\":\"ImageObject\",\"inLanguage\":\"en-US\",\"@id\":\"https:\\\/\\\/www.brarbo.com.br\\\/en\\\/#\\\/schema\\\/logo\\\/image\\\/\",\"url\":\"https:\\\/\\\/www.brarbo.com.br\\\/wp-content\\\/uploads\\\/2023\\\/02\\\/logo-home.png\",\"contentUrl\":\"https:\\\/\\\/www.brarbo.com.br\\\/wp-content\\\/uploads\\\/2023\\\/02\\\/logo-home.png\",\"width\":170,\"height\":51,\"caption\":\"Br Arbo\"},\"image\":{\"@id\":\"https:\\\/\\\/www.brarbo.com.br\\\/en\\\/#\\\/schema\\\/logo\\\/image\\\/\"},\"sameAs\":[\"https:\\\/\\\/www.facebook.com\\\/profile.php?id=61551053906768\",\"https:\\\/\\\/www.linkedin.com\\\/company\\\/brarbo\\\/about\\\/\"]},{\"@type\":\"Person\",\"@id\":\"https:\\\/\\\/www.brarbo.com.br\\\/en\\\/#\\\/schema\\\/person\\\/c950abd7accfac249fd99abaa8dee072\",\"name\":\"BRARBO\"}]}<\/script>\n<!-- \/ Yoast SEO plugin. -->","yoast_head_json":{"title":"VCS - About the Project - BR Arbo - Forest Management","description":"Page under construction","robots":{"index":"index","follow":"follow","max-snippet":"max-snippet:-1","max-image-preview":"max-image-preview:large","max-video-preview":"max-video-preview:-1"},"canonical":"https:\/\/www.brarbo.com.br\/en\/vcs-about-the-project\/","og_locale":"en_US","og_type":"article","og_title":"VCS - About the Project - BR Arbo - Forest Management","og_description":"Page under construction","og_url":"https:\/\/www.brarbo.com.br\/en\/vcs-about-the-project\/","og_site_name":"BR Arbo - Forest Management","article_publisher":"https:\/\/www.facebook.com\/profile.php?id=61551053906768","article_modified_time":"2024-11-06T14:35:53+00:00","og_image":[{"width":1920,"height":768,"url":"https:\/\/www.brarbo.com.br\/wp-content\/uploads\/2023\/02\/img-01.png","type":"image\/png"}],"twitter_card":"summary_large_image","schema":{"@context":"https:\/\/schema.org","@graph":[{"@type":"NewsArticle","@id":"https:\/\/www.brarbo.com.br\/en\/vcs-about-the-project\/#article","isPartOf":{"@id":"https:\/\/www.brarbo.com.br\/en\/vcs-about-the-project\/"},"author":{"name":"BRARBO","@id":"https:\/\/www.brarbo.com.br\/en\/#\/schema\/person\/c950abd7accfac249fd99abaa8dee072"},"headline":"VCS &#8211; About the Project","datePublished":"2024-10-29T10:35:16+00:00","dateModified":"2024-11-06T14:35:53+00:00","mainEntityOfPage":{"@id":"https:\/\/www.brarbo.com.br\/en\/vcs-about-the-project\/"},"wordCount":8,"publisher":{"@id":"https:\/\/www.brarbo.com.br\/en\/#organization"},"inLanguage":"en-US"},{"@type":"WebPage","@id":"https:\/\/www.brarbo.com.br\/en\/vcs-about-the-project\/","url":"https:\/\/www.brarbo.com.br\/en\/vcs-about-the-project\/","name":"VCS - About the Project - BR Arbo - Forest Management","isPartOf":{"@id":"https:\/\/www.brarbo.com.br\/en\/#website"},"datePublished":"2024-10-29T10:35:16+00:00","dateModified":"2024-11-06T14:35:53+00:00","description":"Page under construction","breadcrumb":{"@id":"https:\/\/www.brarbo.com.br\/en\/vcs-about-the-project\/#breadcrumb"},"inLanguage":"en-US","potentialAction":[{"@type":"ReadAction","target":["https:\/\/www.brarbo.com.br\/en\/vcs-about-the-project\/"]}]},{"@type":"BreadcrumbList","@id":"https:\/\/www.brarbo.com.br\/en\/vcs-about-the-project\/#breadcrumb","itemListElement":[{"@type":"ListItem","position":1,"name":"Home","item":"https:\/\/www.brarbo.com.br\/en\/"},{"@type":"ListItem","position":2,"name":"VCS &#8211; About the Project"}]},{"@type":"WebSite","@id":"https:\/\/www.brarbo.com.br\/en\/#website","url":"https:\/\/www.brarbo.com.br\/en\/","name":"BR Arbo - Forest Management","description":"Somos uma organiza\u00e7\u00e3o de gest\u00e3o e fomento a atividades florestais produtivas, rent\u00e1veis e sustent\u00e1veis, voltados ao desenvolvimento econ\u00f4mico de comunidades locais e consolida\u00e7\u00e3o do setor no mercado interno e externo.","publisher":{"@id":"https:\/\/www.brarbo.com.br\/en\/#organization"},"potentialAction":[{"@type":"SearchAction","target":{"@type":"EntryPoint","urlTemplate":"https:\/\/www.brarbo.com.br\/en\/?s={search_term_string}"},"query-input":{"@type":"PropertyValueSpecification","valueRequired":true,"valueName":"search_term_string"}}],"inLanguage":"en-US"},{"@type":"Organization","@id":"https:\/\/www.brarbo.com.br\/en\/#organization","name":"Br Arbo","url":"https:\/\/www.brarbo.com.br\/en\/","logo":{"@type":"ImageObject","inLanguage":"en-US","@id":"https:\/\/www.brarbo.com.br\/en\/#\/schema\/logo\/image\/","url":"https:\/\/www.brarbo.com.br\/wp-content\/uploads\/2023\/02\/logo-home.png","contentUrl":"https:\/\/www.brarbo.com.br\/wp-content\/uploads\/2023\/02\/logo-home.png","width":170,"height":51,"caption":"Br Arbo"},"image":{"@id":"https:\/\/www.brarbo.com.br\/en\/#\/schema\/logo\/image\/"},"sameAs":["https:\/\/www.facebook.com\/profile.php?id=61551053906768","https:\/\/www.linkedin.com\/company\/brarbo\/about\/"]},{"@type":"Person","@id":"https:\/\/www.brarbo.com.br\/en\/#\/schema\/person\/c950abd7accfac249fd99abaa8dee072","name":"BRARBO"}]}},"_links":{"self":[{"href":"https:\/\/www.brarbo.com.br\/en\/wp-json\/wp\/v2\/pages\/3076","targetHints":{"allow":["GET"]}}],"collection":[{"href":"https:\/\/www.brarbo.com.br\/en\/wp-json\/wp\/v2\/pages"}],"about":[{"href":"https:\/\/www.brarbo.com.br\/en\/wp-json\/wp\/v2\/types\/page"}],"author":[{"embeddable":true,"href":"https:\/\/www.brarbo.com.br\/en\/wp-json\/wp\/v2\/users\/3"}],"replies":[{"embeddable":true,"href":"https:\/\/www.brarbo.com.br\/en\/wp-json\/wp\/v2\/comments?post=3076"}],"version-history":[{"count":1,"href":"https:\/\/www.brarbo.com.br\/en\/wp-json\/wp\/v2\/pages\/3076\/revisions"}],"predecessor-version":[{"id":3077,"href":"https:\/\/www.brarbo.com.br\/en\/wp-json\/wp\/v2\/pages\/3076\/revisions\/3077"}],"wp:attachment":[{"href":"https:\/\/www.brarbo.com.br\/en\/wp-json\/wp\/v2\/media?parent=3076"}],"curies":[{"name":"wp","href":"https:\/\/api.w.org\/{rel}","templated":true}]}}